{"id":939,"date":"2024-03-21T09:14:49","date_gmt":"2024-03-21T09:14:49","guid":{"rendered":"https:\/\/sinyorayatak.com\/new\/?page_id=939"},"modified":"2024-11-25T11:04:22","modified_gmt":"2024-11-25T11:04:22","slug":"contact-us-for-support","status":"publish","type":"page","link":"https:\/\/sinyorayatak.com\/ar\/contact-us-for-support\/","title":{"rendered":"\u062a\u0648\u0627\u0635\u0644 \u0645\u0639\u0646\u0627 \u0644\u0644\u062d\u0635\u0648\u0644 \u0639\u0644\u0649 \u0627\u0644\u062f\u0639\u0645"},"content":{"rendered":"\n<h4 class=\"wp-block-heading\">\u062a\u0648\u0627\u0635\u0644 \u0645\u0639\u0646\u0627 \u0644\u0644\u062d\u0635\u0648\u0644 \u0639\u0644\u0649 \u0627\u0644\u062f\u0639\u0645<\/h4>\n\n\n\n<div class=\"wp-block-columns is-layout-flex wp-container-core-columns-is-layout-9d6595d7 wp-block-columns-is-layout-flex\">\n<div class=\"wp-block-column is-layout-flow wp-block-column-is-layout-flow\">\n<iframe width=\"100%\" height=\"540\" style=\"border: none;\" src='https:\/\/atiraspace.com\/api\/form\/6734ad3d6a72ceba4a49b6b0\/generate'><\/iframe>\n<\/div>\n\n\n\n<div class=\"wp-block-column is-layout-flow wp-block-column-is-layout-flow\">\n<iframe src=\"https:\/\/www.google.com\/maps\/embed?pb=!1m14!1m8!1m3!1d5552.1836311973975!2d28.781976!3d40.991568!3m2!1i1024!2i768!4f13.1!3m3!1m2!1s0x14caa3c20b534477%3A0x954e367581fcfa29!2sSinyora%20yatak!5e1!3m2!1sar!2sde!4v1712129620214!5m2!1sar!2sde\" width=\"100%\" height=\"450\" style=\"border:0;\" allowfullscreen=\"\" loading=\"lazy\" referrerpolicy=\"no-referrer-when-downgrade\"><\/iframe>\n<\/div>\n<\/div>\n\n\n\n<div class=\"wp-block-columns is-layout-flex wp-container-core-columns-is-layout-9d6595d7 wp-block-columns-is-layout-flex\">\n<div class=\"wp-block-column is-layout-flow wp-block-column-is-layout-flow\">\n<h2 class=\"wp-block-heading\">\u0633\u0627\u0639\u0627\u062a \u0627\u0644\u0639\u0645\u0644<\/h2>\n\n\n<\/div>\n\n\n\n<div class=\"wp-block-column is-layout-flow wp-block-column-is-layout-flow\">\n<h2 class=\"wp-block-heading\">\u0627\u062a\u0635\u0627\u0644 \u0647\u0627\u062a\u0641\u064a:<\/h2>\n\n\n\n<p class=\"has-text-align-right ltr\">+90 538 039 73 46<\/p>\n\n\n\n<div class=\"wp-block-jetpack-send-a-message\">\n<div class=\"wp-block-jetpack-whatsapp-button is-color-dark\"><a class=\"whatsapp-block__button\" href=\"https:\/\/api.whatsapp.com\/send?phone=905380397346&amp;text=Hi%2C%20I%20got%20your%20WhatsApp%20information%20from%20your%20website.\" style=\"background-color:#25D366;color:#fff\" target=\"_self\" rel=\"noopener noreferrer\">Chat on WhatsApp<\/a><\/div>\n<\/div>\n\n\n\n<div style=\"height:30px\" aria-hidden=\"true\" class=\"wp-block-spacer\"><\/div>\n\n\n\n<p>\u0627\u0644\u0628\u0631\u064a\u062f \u0627\u0644\u0625\u0644\u0643\u062a\u0631\u0648\u0646\u064a:<\/p>\n\n\n\n<p><a href=\"mailto:info@sinyorayatak.com\">info@sinyorayatak.com<\/a><\/p>\n\n\n\n<p>\u0627\u0644\u0639\u0646\u0648\u0627\u0646:<\/p>\n\n\n\n<p>Cennet, Yavuz Selim Cd. No:69, 34457 K\u00fc\u00e7\u00fck\u00e7ekmece \/ \u0130stanbul \/ Turkiye<\/p>\n<\/div>\n<\/div>\n\n\n\n<p>\u0627\u0642\u0631\u0623 \u0623\u064a\u0636\u0627: <\/p>\n\n\n\n<p><a href=\"https:\/\/sinyorayatak.com\/new\/ar\/about-us\/\" target=\"_blank\" rel=\"noreferrer noopener\">\u0645\u0646 \u0646\u062d\u0646<\/a><\/p>\n\n\n\n<p><a href=\"https:\/\/sinyorayatak.com\/new\/ar\/\" target=\"_blank\" data-type=\"link\" data-id=\"https:\/\/sinyorayatak.com\/new\/ar\/\" rel=\"noreferrer noopener\">\u0627\u0644\u0631\u0626\u064a\u0633\u064a\u0629<\/a><\/p>\n","protected":false},"excerpt":{"rendered":"<p>\u062a\u0648\u0627\u0635\u0644 \u0645\u0639\u0646\u0627 \u0644\u0644\u062d\u0635\u0648\u0644 \u0639\u0644\u0649 \u0627\u0644\u062f\u0639\u0645 \u0633\u0627\u0639\u0627\u062a \u0627\u0644\u0639\u0645\u0644 \u0627\u062a\u0635\u0627\u0644 \u0647\u0627\u062a\u0641\u064a: +90 538 039 73 46 \u0627\u0644\u0628\u0631\u064a\u062f \u0627\u0644\u0625\u0644\u0643\u062a\u0631\u0648\u0646\u064a: info@sinyorayatak.com \u0627\u0644\u0639\u0646\u0648\u0627\u0646: Cennet, Yavuz &#8230; <\/p>\n","protected":false},"author":2,"featured_media":0,"parent":0,"menu_order":0,"comment_status":"closed","ping_status":"closed","template":"","meta":{"_acf_changed":false,"footnotes":""},"class_list":["post-939","page","type-page","status-publish","hentry"],"acf":[],"_links":{"self":[{"href":"https:\/\/sinyorayatak.com\/ar\/wp-json\/wp\/v2\/pages\/939","targetHints":{"allow":["GET"]}}],"collection":[{"href":"https:\/\/sinyorayatak.com\/ar\/wp-json\/wp\/v2\/pages"}],"about":[{"href":"https:\/\/sinyorayatak.com\/ar\/wp-json\/wp\/v2\/types\/page"}],"author":[{"embeddable":true,"href":"https:\/\/sinyorayatak.com\/ar\/wp-json\/wp\/v2\/users\/2"}],"replies":[{"embeddable":true,"href":"https:\/\/sinyorayatak.com\/ar\/wp-json\/wp\/v2\/comments?post=939"}],"version-history":[{"count":16,"href":"https:\/\/sinyorayatak.com\/ar\/wp-json\/wp\/v2\/pages\/939\/revisions"}],"predecessor-version":[{"id":4868,"href":"https:\/\/sinyorayatak.com\/ar\/wp-json\/wp\/v2\/pages\/939\/revisions\/4868"}],"wp:attachment":[{"href":"https:\/\/sinyorayatak.com\/ar\/wp-json\/wp\/v2\/media?parent=939"}],"curies":[{"name":"wp","href":"https:\/\/api.w.org\/{rel}","templated":true}]}}