{"id":122,"date":"2024-03-21T09:09:59","date_gmt":"2024-03-21T09:09:59","guid":{"rendered":"https:\/\/sinyorayatak.com\/new\/?page_id=122"},"modified":"2025-04-19T05:39:10","modified_gmt":"2025-04-19T05:39:10","slug":"about-us","status":"publish","type":"page","link":"https:\/\/sinyorayatak.com\/en\/about-us\/","title":{"rendered":"About Us"},"content":{"rendered":"\n<p class=\"has-large-font-size\">ABOUT SINYORA YATAK<br>For a Comfortable Sleep for Everyone<\/p>\n\n\n\n<p>Sinyora Company in Istanbul began manufacturing mattress fabric in 2014 and, in 2015, began establishing a line of bedding and mattresses to meet the growing demand in the local market.<\/p>\n\n\n\n<p>Sinyora Company intends to constantly develop its products, focusing on quality, workmanship, and customer satisfaction.<br>Sinyora Company was developed in 2022 to increase production by 100%. The company has two furniture showrooms in the FAT\u0130H and BEYL\u0130KD\u00dcZ\u00dc ESK\u0130DJ\u0130 BAZAAR areas.<\/p>\n\n\n\n<p>In 2023, the company began importing fur mattress fabric and became one of the most important suppliers to the internal market. Its market expanded outside of Istanbul, and it became an exporter of bedding and mattresses outside Turkey.<\/p>\n\n\n\n<h2 class=\"wp-block-heading\">Company Message<\/h2>\n\n\n\n<p>The first high-quality mattresses for everyone in the Middle East and Europe.<\/p>\n\n\n\n<h2 class=\"wp-block-heading\">Company Vision<\/h2>\n\n\n\n<p>In 2028, Sinyora Company seeks to be the No. 1 company feeding the internal market in Istanbul to achieve a monthly production of 5,000 mattresses per month and export 50% of its production volume to foreign markets, thus summing up the company\u2019s vision (28_1_5K_50%_50K)<\/p>\n\n\n\n<h2 class=\"wp-block-heading\">About Sustainability practices in our company<\/h2>\n\n\n\n<p>At <strong>Sinyora Yatak<\/strong>, we believe that sustainability is not just a trend but a fundamental responsibility towards the planet and society. Therefore, we adhere to various environmentally friendly methods at all stages of mattress manufacturing, from raw material selection to waste disposal.<\/p>\n\n\n\n<figure class=\"wp-block-image\"><img loading=\"lazy\" decoding=\"async\" width=\"1024\" height=\"768\" src=\"https:\/\/sinyorayatak.com\/new\/wp-content\/uploads\/2024\/05\/WhatsApp-Gorsel-2024-05-01-saat-13.52.15_091ee586-1024x768.jpg\" alt=\"About Us\" class=\"wp-image-2645\" srcset=\"https:\/\/sinyorayatak.com\/wp-content\/uploads\/2024\/05\/WhatsApp-Gorsel-2024-05-01-saat-13.52.15_091ee586-1024x768.jpg 1024w, https:\/\/sinyorayatak.com\/wp-content\/uploads\/2024\/05\/WhatsApp-Gorsel-2024-05-01-saat-13.52.15_091ee586-300x225.jpg 300w, https:\/\/sinyorayatak.com\/wp-content\/uploads\/2024\/05\/WhatsApp-Gorsel-2024-05-01-saat-13.52.15_091ee586-768x576.jpg 768w, https:\/\/sinyorayatak.com\/wp-content\/uploads\/2024\/05\/WhatsApp-Gorsel-2024-05-01-saat-13.52.15_091ee586-1536x1152.jpg 1536w, https:\/\/sinyorayatak.com\/wp-content\/uploads\/2024\/05\/WhatsApp-Gorsel-2024-05-01-saat-13.52.15_091ee586-600x450.jpg 600w, https:\/\/sinyorayatak.com\/wp-content\/uploads\/2024\/05\/WhatsApp-Gorsel-2024-05-01-saat-13.52.15_091ee586.jpg 2048w\" sizes=\"auto, (max-width: 1024px) 100vw, 1024px\" \/><\/figure>\n\n\n\n<h3 class=\"wp-block-heading\"><br>Some of our sustainability approaches:<\/h3>\n\n\n\n<p><strong><em>Use of sustainable materials<\/em><\/strong>:<\/p>\n\n\n\n<ul class=\"wp-block-list\">\n<li>We manufacture our mattresses using natural, renewable materials such as organic foam and natural latex.<\/li>\n\n\n\n<li>We avoid using harmful chemicals such as formaldehyde when manufacturing mattresses.<\/li>\n<\/ul>\n\n\n\n<p><strong><em>Reduce waste<\/em><\/strong>:<\/p>\n\n\n\n<ul class=\"wp-block-list\">\n<li>We use modern production techniques that reduce the amount of waste produced.<\/li>\n\n\n\n<li>We recycle all recyclable waste.<\/li>\n<\/ul>\n\n\n\n<p><strong><em>Reduce energy consumption<\/em><\/strong>:<\/p>\n\n\n\n<ul class=\"wp-block-list\">\n<li>We use energy-saving production techniques.<\/li>\n\n\n\n<li>We are keen to follow a policy of rationalizing energy consumption in all our facilities.<\/li>\n<\/ul>\n\n\n\n<p><strong><em>Reducing carbon emissions<\/em><\/strong>:<\/p>\n\n\n\n<ul class=\"wp-block-list\">\n<li>We cooperate with transportation companies that are committed to sustainability practices.<\/li>\n<\/ul>\n\n\n\n<p><strong><em>Community support<\/em><\/strong>:<\/p>\n\n\n\n<ul class=\"wp-block-list\">\n<li>We employ workers from the local community.<\/li>\n\n\n\n<li>We support charities that work to protect the environment.<\/li>\n\n\n\n<li>We participate in sustainability awareness events.<\/li>\n<\/ul>\n\n\n\n<figure class=\"wp-block-image size-large\"><img loading=\"lazy\" decoding=\"async\" width=\"1024\" height=\"576\" src=\"https:\/\/sinyorayatak.com\/new\/wp-content\/uploads\/2024\/05\/35eed7f2a74d4efa960cedf884ab86c4-1024x576.jpg\" alt=\"\" class=\"wp-image-2648\" srcset=\"https:\/\/sinyorayatak.com\/wp-content\/uploads\/2024\/05\/35eed7f2a74d4efa960cedf884ab86c4-1024x576.jpg 1024w, https:\/\/sinyorayatak.com\/wp-content\/uploads\/2024\/05\/35eed7f2a74d4efa960cedf884ab86c4-300x169.jpg 300w, https:\/\/sinyorayatak.com\/wp-content\/uploads\/2024\/05\/35eed7f2a74d4efa960cedf884ab86c4-768x432.jpg 768w, https:\/\/sinyorayatak.com\/wp-content\/uploads\/2024\/05\/35eed7f2a74d4efa960cedf884ab86c4-600x338.jpg 600w, https:\/\/sinyorayatak.com\/wp-content\/uploads\/2024\/05\/35eed7f2a74d4efa960cedf884ab86c4.jpg 1328w\" sizes=\"auto, (max-width: 1024px) 100vw, 1024px\" \/><\/figure>\n\n\n\n<p>For more information, you can call us: <a href=\"tel:00905380397346\" target=\"_blank\" rel=\"noreferrer noopener\">+90 538 039 73 46<\/a><\/p>\n\n\n\n<div style=\"height:20px\" aria-hidden=\"true\" class=\"wp-block-spacer\"><\/div>\n\n\n\n<div class=\"wp-block-jetpack-send-a-message\">\n<div class=\"wp-block-jetpack-whatsapp-button is-color-dark\"><a class=\"whatsapp-block__button\" href=\"https:\/\/api.whatsapp.com\/send?phone=90905380397346&amp;text=Hi%2C%20I%20got%20your%20WhatsApp%20information%20from%20your%20website%20About%20Page.\" style=\"background-color:#25D366;color:#fff\" target=\"_blank\" rel=\"noopener noreferrer\">Chat on WhatsApp<\/a><\/div>\n<\/div>\n\n\n\n<div style=\"height:20px\" aria-hidden=\"true\" class=\"wp-block-spacer\"><\/div>\n\n\n\n<p>Visit Our <a href=\"https:\/\/sinyorayatak.com\/new\/contact-us-for-support\/\" target=\"_blank\" data-type=\"link\" data-id=\"https:\/\/sinyorayatak.com\/new\/contact-us-for-support\/\" rel=\"noreferrer noopener\">Contact Us<\/a> Page.<\/p>\n","protected":false},"excerpt":{"rendered":"<p>ABOUT SINYORA YATAKFor a Comfortable Sleep for Everyone Sinyora Company in Istanbul began manufacturing mattress fabric in 2014 and, in &#8230; <\/p>\n","protected":false},"author":2,"featured_media":0,"parent":0,"menu_order":0,"comment_status":"closed","ping_status":"closed","template":"","meta":{"_acf_changed":false,"footnotes":""},"class_list":["post-122","page","type-page","status-publish","hentry"],"acf":[],"_links":{"self":[{"href":"https:\/\/sinyorayatak.com\/en\/wp-json\/wp\/v2\/pages\/122","targetHints":{"allow":["GET"]}}],"collection":[{"href":"https:\/\/sinyorayatak.com\/en\/wp-json\/wp\/v2\/pages"}],"about":[{"href":"https:\/\/sinyorayatak.com\/en\/wp-json\/wp\/v2\/types\/page"}],"author":[{"embeddable":true,"href":"https:\/\/sinyorayatak.com\/en\/wp-json\/wp\/v2\/users\/2"}],"replies":[{"embeddable":true,"href":"https:\/\/sinyorayatak.com\/en\/wp-json\/wp\/v2\/comments?post=122"}],"version-history":[{"count":9,"href":"https:\/\/sinyorayatak.com\/en\/wp-json\/wp\/v2\/pages\/122\/revisions"}],"predecessor-version":[{"id":3624,"href":"https:\/\/sinyorayatak.com\/en\/wp-json\/wp\/v2\/pages\/122\/revisions\/3624"}],"wp:attachment":[{"href":"https:\/\/sinyorayatak.com\/en\/wp-json\/wp\/v2\/media?parent=122"}],"curies":[{"name":"wp","href":"https:\/\/api.w.org\/{rel}","templated":true}]}}