{"id":130,"date":"2024-03-21T09:14:49","date_gmt":"2024-03-21T09:14:49","guid":{"rendered":"https:\/\/sinyorayatak.com\/new\/?page_id=130"},"modified":"2025-08-19T10:13:43","modified_gmt":"2025-08-19T10:13:43","slug":"contact-us-for-support","status":"publish","type":"page","link":"https:\/\/sinyorayatak.com\/en\/contact-us-for-support\/","title":{"rendered":"Contact Us for Support"},"content":{"rendered":"\n<p>Need help or have questions about your order, products, or our services? Our support team is here to assist you!<\/p>\n\n\n\n<p>Whether you\u2019re experiencing a technical issue, need assistance with your purchase, or simply want more information \u2014 don\u2019t hesitate to get in touch with us. We\u2019re committed to providing prompt, friendly, and helpful support.<\/p>\n\n\n\n<h4 class=\"wp-block-heading\">Contact Us for Support<\/h4>\n\n\n\n<div class=\"wp-block-columns is-layout-flex wp-container-core-columns-is-layout-9d6595d7 wp-block-columns-is-layout-flex\">\n<div class=\"wp-block-column is-layout-flow wp-block-column-is-layout-flow\">\n<iframe src=\"https:\/\/www.google.com\/maps\/embed?pb=!1m18!1m12!1m3!1d3011.5391091797956!2d28.77940097568419!3d40.991572020453944!2m3!1f0!2f0!3f0!3m2!1i1024!2i768!4f13.1!3m3!1m2!1s0x14caa3c20b534477%3A0x954e367581fcfa29!2sSinyora%20yatak!5e0!3m2!1str!2str!4v1711087256011!5m2!1str!2str\" width=\"100%\" height=\"450\" style=\"border:0;\" allowfullscreen=\"\" loading=\"lazy\" referrerpolicy=\"no-referrer-when-downgrade\"><\/iframe>\n<\/div>\n\n\n\n<div class=\"wp-block-column is-layout-flow wp-block-column-is-layout-flow\">\n<iframe width=\"100%\" height=\"540\" style=\"border: none;\" src='https:\/\/atiraspace.com\/api\/form\/6734c28371895395d6c951f1\/generate'><\/iframe>\n<\/div>\n<\/div>\n\n\n\n<div style=\"height:60px\" aria-hidden=\"true\" class=\"wp-block-spacer\"><\/div>\n\n\n\n<div class=\"wp-block-columns is-layout-flex wp-container-core-columns-is-layout-9d6595d7 wp-block-columns-is-layout-flex\">\n<div class=\"wp-block-column is-layout-flow wp-block-column-is-layout-flow\">\n<h2 class=\"wp-block-heading\">Working Hours<\/h2>\n\n\n<\/div>\n\n\n\n<div class=\"wp-block-column is-layout-flow wp-block-column-is-layout-flow\">\n<h2 class=\"wp-block-heading\">Phone Call:<\/h2>\n\n\n\n<p><a href=\"tel:00905380397346\" data-type=\"tel\" data-id=\"tel:00905380397346\" target=\"_blank\" rel=\"noreferrer noopener\">+90 538 039 73 46<\/a><\/p>\n\n\n\n<div class=\"wp-block-jetpack-send-a-message\">\n\n<div class=\"wp-block-jetpack-whatsapp-button is-color-dark\"><a class=\"whatsapp-block__button\" href=\"https:\/\/api.whatsapp.com\/send?phone=905380397346&amp;text=Hi%2C%20I%20got%20your%20WhatsApp%20information%20from%20your%20website.\" style=\"background-color:#25D366;color:#fff\" target=\"_blank\" rel=\"noopener noreferrer\">Direct WhatsApp<\/a><\/div>\n\n<\/div>\n\n\n\n<div style=\"height:30px\" aria-hidden=\"true\" class=\"wp-block-spacer\"><\/div>\n\n\n\n<p><strong>Email:<\/strong><\/p>\n\n\n\n<p><a href=\"mailto:info@sinyorayatak.com\" target=\"_blank\" rel=\"noreferrer noopener\">info@sinyorayatak.com<\/a><\/p>\n\n\n\n<p><strong>Address:<\/strong><\/p>\n\n\n\n<p>OSB, ORKIDE CD NO 2 I\u015eIKTA\u015e \u0130\u015e MERKEZ\u0130 \/ BEYLIKD\u00dcZ\u00dc \/\u0130STANBUL<\/p>\n<\/div>\n<\/div>\n\n\n\n<p>Read Also: <\/p>\n\n\n\n<p><a href=\"https:\/\/sinyorayatak.com\/new\/about-us\/\" target=\"_blank\" data-type=\"link\" data-id=\"https:\/\/sinyorayatak.com\/new\/about-us\/\" rel=\"noreferrer noopener\">About Us<\/a><div class=\"post-content bg-white border rounded py-3 my-2\" style=\"box-sizing: border-box; padding: 10px; --bs-bg-opacity: 1; color: rgb(17, 17, 17); font-family: Roboto, sans-serif; font-size: 16px; white-space-collapse: collapse; border: var(--bs-border-width) var(--bs-border-style) var(--bs-border-color) !important; margin-top: 0.5rem !important; margin-bottom: 0.5rem !important; background-color: rgba(var(--bs-white-rgb),var(--bs-bg-opacity)) !important; border-radius: var(--bs-border-radius) !important;\"><\/div><\/p>\n","protected":false},"excerpt":{"rendered":"<p>Need help or have questions about your order, products, or our services? Our support team is here to assist you! &#8230; <\/p>\n","protected":false},"author":2,"featured_media":0,"parent":0,"menu_order":0,"comment_status":"closed","ping_status":"closed","template":"","meta":{"_acf_changed":false,"footnotes":""},"class_list":["post-130","page","type-page","status-publish","hentry"],"acf":[],"_links":{"self":[{"href":"https:\/\/sinyorayatak.com\/en\/wp-json\/wp\/v2\/pages\/130","targetHints":{"allow":["GET"]}}],"collection":[{"href":"https:\/\/sinyorayatak.com\/en\/wp-json\/wp\/v2\/pages"}],"about":[{"href":"https:\/\/sinyorayatak.com\/en\/wp-json\/wp\/v2\/types\/page"}],"author":[{"embeddable":true,"href":"https:\/\/sinyorayatak.com\/en\/wp-json\/wp\/v2\/users\/2"}],"replies":[{"embeddable":true,"href":"https:\/\/sinyorayatak.com\/en\/wp-json\/wp\/v2\/comments?post=130"}],"version-history":[{"count":16,"href":"https:\/\/sinyorayatak.com\/en\/wp-json\/wp\/v2\/pages\/130\/revisions"}],"predecessor-version":[{"id":7801,"href":"https:\/\/sinyorayatak.com\/en\/wp-json\/wp\/v2\/pages\/130\/revisions\/7801"}],"wp:attachment":[{"href":"https:\/\/sinyorayatak.com\/en\/wp-json\/wp\/v2\/media?parent=130"}],"curies":[{"name":"wp","href":"https:\/\/api.w.org\/{rel}","templated":true}]}}